{"id":18599,"date":"2019-08-17T12:40:45","date_gmt":"2019-08-17T10:40:45","guid":{"rendered":"https:\/\/www.saytec.eu\/?page_id=18599"},"modified":"2022-05-05T14:26:44","modified_gmt":"2022-05-05T12:26:44","slug":"imprint","status":"publish","type":"page","link":"https:\/\/old.saytec.eu\/en\/imprint\/","title":{"rendered":"imprint"},"content":{"rendered":"\t\t<div data-elementor-type=\"wp-post\" data-elementor-id=\"18599\" class=\"elementor elementor-18599 elementor-12129\" data-elementor-post-type=\"page\">\n\t\t\t\t\t\t\t\t\t<section class=\"elementor-section elementor-top-section elementor-element elementor-element-6889574c elementor-section-boxed elementor-section-height-default elementor-section-height-default\" data-id=\"6889574c\" data-element_type=\"section\">\n\t\t\t\t\t\t<div class=\"elementor-container elementor-column-gap-default\">\n\t\t\t\t\t<div class=\"elementor-column elementor-col-100 elementor-top-column elementor-element elementor-element-405eca9b\" data-id=\"405eca9b\" data-element_type=\"column\">\n\t\t\t<div class=\"elementor-widget-wrap elementor-element-populated\">\n\t\t\t\t\t\t\t\t<div class=\"elementor-element elementor-element-4c2e036c elementor-widget elementor-widget-text-editor\" data-id=\"4c2e036c\" data-element_type=\"widget\" data-widget_type=\"text-editor.default\">\n\t\t\t\t<div class=\"elementor-widget-container\">\n\t\t\t\t\t\t\t<p>Angaben gem\u00e4\u00df \u00a7 5 TMG:<\/p><p><strong>sayTEC AG<\/strong><br \/>Wildermuthstr. 88<br \/>80993 M\u00fcnchen<\/p><h2>Postadresse:<\/h2><p><strong>sayTEC AG<\/strong><br \/>Wildermuthstra\u00dfe 88<br \/>80993 M\u00fcnchen<\/p><h2>Vertreten durch:<\/h2><p>Vorstand\u00a0Selim Kuzu<br \/>Vorstand Yakup Saygin<\/p><h2>Kontakt:<\/h2><p>Telefon: 089 578361-400<br \/>Telefax: 089 578361-499<br \/>E-Mail: kontakt@www.saytec.eu<\/p><h2>Datenschutzbeauftragter:<\/h2><p>Said-Elham Sadat<br \/>E-Mail:\u00a0dsb@dsb-ms.de<br \/>Telefon:\u00a00251\/71879-110<\/p><h2>Registereintrag:<\/h2><p>Eintragung im Handelsregister.<br \/>Registergericht: Amtsgericht M\u00fcnchen<br \/>Registernummer: HRB 153821<br \/>Umsatzsteuer-Identifikationsnummer gem\u00e4\u00df \u00a727 a Umsatzsteuergesetz:<br \/>DE 238 009 083<br \/>Angaben zur Berufshaftpflichtversicherung:<\/p><p>Wir sind nicht bereit oder verpflichtet, an Streitbeilegungsverfahren vor einer Verbraucherschlichtungsstelle teilzunehmen.<\/p><p><strong>Webdesign:<\/strong> <a href=\"https:\/\/www.artlemon.de\" target=\"_blank\" rel=\"noopener\">www.artlemon.de<\/a><\/p><h2>Haftung f\u00fcr Inhalte<\/h2><p>Als Diensteanbieter sind wir gem\u00e4\u00df \u00a7 7 Abs.1 TMG f\u00fcr eigene Inhalte auf diesen Seiten nach den allgemeinen Gesetzen verantwortlich. Nach \u00a7\u00a7 8 bis 10 TMG sind wir als Diensteanbieter jedoch nicht verpflichtet, \u00fcbermittelte oder gespeicherte fremde Informationen zu \u00fcberwachen oder nach Umst\u00e4nden zu forschen, die auf eine rechtswidrige T\u00e4tigkeit hinweisen.<\/p><p>Verpflichtungen zur Entfernung oder Sperrung der Nutzung von Informationen nach den allgemeinen Gesetzen bleiben hiervon unber\u00fchrt. Eine diesbez\u00fcgliche Haftung ist jedoch erst ab dem Zeitpunkt der Kenntnis einer konkreten Rechtsverletzung m\u00f6glich. Bei Bekanntwerden von entsprechenden Rechtsverletzungen werden wir diese Inhalte umgehend entfernen.<\/p><h2>Haftung f\u00fcr Links<\/h2><p>Unser Angebot enth\u00e4lt Links zu externen Webseiten Dritter, auf deren Inhalte wir keinen Einfluss haben. Deshalb k\u00f6nnen wir f\u00fcr diese fremden Inhalte auch keine Gew\u00e4hr \u00fcbernehmen. F\u00fcr die Inhalte der verlinkten Seiten ist stets der jeweilige Anbieter oder Betreiber der Seiten verantwortlich. Die verlinkten Seiten wurden zum Zeitpunkt der Verlinkung auf m\u00f6gliche Rechtsverst\u00f6\u00dfe \u00fcberpr\u00fcft. Rechtswidrige Inhalte waren zum Zeitpunkt der Verlinkung nicht erkennbar.<\/p><p>Eine permanente inhaltliche Kontrolle der verlinkten Seiten ist jedoch ohne konkrete Anhaltspunkte einer Rechtsverletzung nicht zumutbar. Bei Bekanntwerden von Rechtsverletzungen werden wir derartige Links umgehend entfernen.<\/p><h2>Urheberrecht<\/h2><p>Die durch die Seitenbetreiber erstellten Inhalte und Werke auf diesen Seiten unterliegen dem deutschen Urheberrecht. Die Vervielf\u00e4ltigung, Bearbeitung, Verbreitung und jede Art der Verwertung au\u00dferhalb der Grenzen des Urheberrechtes bed\u00fcrfen der schriftlichen Zustimmung des jeweiligen Autors bzw. Erstellers. Downloads und Kopien dieser Seite sind nur f\u00fcr den privaten, nicht kommerziellen Gebrauch gestattet.<\/p><p>Soweit die Inhalte auf dieser Seite nicht vom Betreiber erstellt wurden, werden die Urheberrechte Dritter beachtet. Insbesondere werden Inhalte Dritter als solche gekennzeichnet. Sollten Sie trotzdem auf eine Urheberrechtsverletzung aufmerksam werden, bitten wir um einen entsprechenden Hinweis. Bei Bekanntwerden von Rechtsverletzungen werden wir derartige Inhalte umgehend entfernen.<\/p><p>Quelle: https:\/\/www.e-recht24.de<\/p>\t\t\t\t\t\t<\/div>\n\t\t\t\t<\/div>\n\t\t\t\t\t<\/div>\n\t\t<\/div>\n\t\t\t\t\t\t\t<\/div>\n\t\t<\/section>\n\t\t\t\t\t\t\t<\/div>\n\t\t","protected":false},"excerpt":{"rendered":"<p>Angaben gem\u00e4\u00df \u00a7 5 TMG: sayTEC AGWildermuthstr. 8880993 M\u00fcnchen Postadresse: sayTEC AGWildermuthstra\u00dfe 8880993 M\u00fcnchen Vertreten durch: Vorstand\u00a0Selim KuzuVorstand Yakup Saygin Kontakt: Telefon: 089 578361-400Telefax: 089 578361-499E-Mail: kontakt@www.saytec.eu Datenschutzbeauftragter: Said-Elham SadatE-Mail:\u00a0dsb@dsb-ms.deTelefon:\u00a00251\/71879-110 Registereintrag: Eintragung im Handelsregister.Registergericht: Amtsgericht M\u00fcnchenRegisternummer: HRB 153821Umsatzsteuer-Identifikationsnummer gem\u00e4\u00df \u00a727 a Umsatzsteuergesetz:DE 238 009 083Angaben zur Berufshaftpflichtversicherung: Wir sind nicht bereit oder verpflichtet, an Streitbeilegungsverfahren &#8230; <a title=\"imprint\" class=\"read-more\" href=\"https:\/\/old.saytec.eu\/en\/imprint\/\" aria-label=\"More on imprint\">Read more<\/a><\/p>\n","protected":false},"author":17,"featured_media":0,"parent":0,"menu_order":0,"comment_status":"closed","ping_status":"closed","template":"","meta":{"footnotes":""},"aioseo_notices":[],"_links":{"self":[{"href":"https:\/\/old.saytec.eu\/en\/wp-json\/wp\/v2\/pages\/18599"}],"collection":[{"href":"https:\/\/old.saytec.eu\/en\/wp-json\/wp\/v2\/pages"}],"about":[{"href":"https:\/\/old.saytec.eu\/en\/wp-json\/wp\/v2\/types\/page"}],"author":[{"embeddable":true,"href":"https:\/\/old.saytec.eu\/en\/wp-json\/wp\/v2\/users\/17"}],"replies":[{"embeddable":true,"href":"https:\/\/old.saytec.eu\/en\/wp-json\/wp\/v2\/comments?post=18599"}],"version-history":[{"count":0,"href":"https:\/\/old.saytec.eu\/en\/wp-json\/wp\/v2\/pages\/18599\/revisions"}],"wp:attachment":[{"href":"https:\/\/old.saytec.eu\/en\/wp-json\/wp\/v2\/media?parent=18599"}],"curies":[{"name":"wp","href":"https:\/\/api.w.org\/{rel}","templated":true}]}}