{"id":18567,"date":"2019-08-17T12:13:17","date_gmt":"2019-08-17T10:13:17","guid":{"rendered":"https:\/\/www.saytec.eu\/?page_id=18567"},"modified":"2019-08-17T12:15:48","modified_gmt":"2019-08-17T10:15:48","slug":"news","status":"publish","type":"page","link":"https:\/\/old.saytec.eu\/en\/news\/","title":{"rendered":"News"},"content":{"rendered":"\t\t<div data-elementor-type=\"wp-post\" data-elementor-id=\"18567\" class=\"elementor elementor-18567 elementor-3700\" data-elementor-post-type=\"page\">\n\t\t\t\t\t\t\t\t\t<section class=\"elementor-section elementor-top-section elementor-element elementor-element-14167735 elementor-section-boxed elementor-section-height-default elementor-section-height-default\" data-id=\"14167735\" data-element_type=\"section\">\n\t\t\t\t\t\t<div class=\"elementor-container elementor-column-gap-default\">\n\t\t\t\t\t<div class=\"elementor-column elementor-col-100 elementor-top-column elementor-element elementor-element-5a371549\" data-id=\"5a371549\" data-element_type=\"column\">\n\t\t\t<div class=\"elementor-widget-wrap elementor-element-populated\">\n\t\t\t\t\t\t\t\t<div class=\"elementor-element elementor-element-3a64375 elementor-grid-3 elementor-grid-tablet-2 elementor-grid-mobile-1 elementor-posts--thumbnail-top elementor-card-shadow-yes elementor-posts__hover-gradient elementor-widget elementor-widget-posts\" data-id=\"3a64375\" data-element_type=\"widget\" data-settings=\"{&quot;pagination_type&quot;:&quot;numbers&quot;,&quot;cards_masonry&quot;:&quot;yes&quot;,&quot;cards_row_gap&quot;:{&quot;unit&quot;:&quot;px&quot;,&quot;size&quot;:40,&quot;sizes&quot;:[]},&quot;cards_columns&quot;:&quot;3&quot;,&quot;cards_columns_tablet&quot;:&quot;2&quot;,&quot;cards_columns_mobile&quot;:&quot;1&quot;,&quot;cards_row_gap_tablet&quot;:{&quot;unit&quot;:&quot;px&quot;,&quot;size&quot;:&quot;&quot;,&quot;sizes&quot;:[]},&quot;cards_row_gap_mobile&quot;:{&quot;unit&quot;:&quot;px&quot;,&quot;size&quot;:&quot;&quot;,&quot;sizes&quot;:[]}}\" data-widget_type=\"posts.cards\">\n\t\t\t\t<div class=\"elementor-widget-container\">\n\t\t\t\t\t<div class=\"elementor-posts-container elementor-posts elementor-posts--skin-cards elementor-grid\">\n\t\t\t\t<article class=\"elementor-post elementor-grid-item post-22208 post type-post status-publish format-standard has-post-thumbnail hentry category-saytec-blog category-news tag-cybersicherheit-in-schulen tag-it-sicherheit tag-schul-it tag-schulnetz tag-schulserver\">\n\t\t\t<div class=\"elementor-post__card\">\n\t\t\t\t<a class=\"elementor-post__thumbnail__link\" href=\"https:\/\/old.saytec.eu\/en\/top-10-massnahmen-fur-mehr-cybersicherheit-in-schulen\/\" tabindex=\"-1\" ><div class=\"elementor-post__thumbnail\"><img fetchpriority=\"high\" decoding=\"async\" width=\"768\" height=\"412\" src=\"https:\/\/old.saytec.eu\/wp-content\/uploads\/teacher-3765909_1920-1-768x412.jpg\" class=\"attachment-medium_large size-medium_large wp-image-19845\" alt=\"Top 10 Ma\u00dfnahmen f\u00fcr mehr Cybersicherheit in Schulen\u200b\" srcset=\"https:\/\/old.saytec.eu\/wp-content\/uploads\/teacher-3765909_1920-1-768x412.jpg 768w, https:\/\/old.saytec.eu\/wp-content\/uploads\/teacher-3765909_1920-1-300x161.jpg 300w, https:\/\/old.saytec.eu\/wp-content\/uploads\/teacher-3765909_1920-1-1024x549.jpg 1024w, https:\/\/old.saytec.eu\/wp-content\/uploads\/teacher-3765909_1920-1.jpg 1920w\" sizes=\"(max-width: 768px) 100vw, 768px\" \/><\/div><\/a>\n\t\t\t\t<div class=\"elementor-post__text\">\n\t\t\t\t<h3 class=\"elementor-post__title\">\n\t\t\t<a href=\"https:\/\/old.saytec.eu\/en\/top-10-massnahmen-fur-mehr-cybersicherheit-in-schulen\/\" >\n\t\t\t\tTop 10 Cybersicherheitsma\u00dfnahmen f\u00fcr Schulen\t\t\t<\/a>\n\t\t<\/h3>\n\t\t\t\t<div class=\"elementor-post__excerpt\">\n\t\t\t<p>Top 10 Ma\u00dfnahmen f\u00fcr mehr Cybersicherheit in Schulen IT-Technologien haben sich im Bildungsbereich stark verbreitet. F\u00fcr IT Verantwortliche wird das Thema IT-Sicherheit dadurch immer wichtiger. Ma\u00dfnahmen f\u00fcr mehr Cybersicherheit in Schulen sind auch deshalb wichtig, weil immer mehr Angriffe gezielt Bildungseinrichtungen treffen. 2018 wurden in den USA alle 3 Tage ein best\u00e4tigter Cybersicherheitsvorfall gemeldet \u2013<\/p>\n\t\t<\/div>\n\t\t\n\t\t<a class=\"elementor-post__read-more\" href=\"https:\/\/old.saytec.eu\/en\/top-10-massnahmen-fur-mehr-cybersicherheit-in-schulen\/\" aria-label=\"Read more about Top 10 Cybersicherheitsma\u00dfnahmen f\u00fcr Schulen\" tabindex=\"-1\" >\n\t\t\tWeiterlesen \u00bb\t\t<\/a>\n\n\t\t\t\t<\/div>\n\t\t\t\t\t<\/div>\n\t\t<\/article>\n\t\t\t\t<article class=\"elementor-post elementor-grid-item post-21738 post type-post status-publish format-standard has-post-thumbnail hentry category-news category-sayfuse\">\n\t\t\t<div class=\"elementor-post__card\">\n\t\t\t\t<a class=\"elementor-post__thumbnail__link\" href=\"https:\/\/old.saytec.eu\/en\/fuer-eine-sichere-digitale-zukunft\/\" tabindex=\"-1\" ><div class=\"elementor-post__thumbnail\"><img decoding=\"async\" width=\"768\" height=\"230\" src=\"https:\/\/old.saytec.eu\/wp-content\/uploads\/sail-5662223_1920.jpg\" class=\"attachment-medium_large size-medium_large wp-image-21744\" alt=\"\" \/><\/div><\/a>\n\t\t\t\t<div class=\"elementor-post__text\">\n\t\t\t\t<h3 class=\"elementor-post__title\">\n\t\t\t<a href=\"https:\/\/old.saytec.eu\/en\/fuer-eine-sichere-digitale-zukunft\/\" >\n\t\t\t\tSecure Data Compass wird Strategiepartner\t\t\t<\/a>\n\t\t<\/h3>\n\t\t\t\t<div class=\"elementor-post__excerpt\">\n\t\t\t<p>sayTEC NEWS: Strategiepartnerschaft mit der Secure Data Compass GmbH Secure Data Compass GmbH wird Strategiepartner der sayTEC AG mit den Aufgaben Beratung, Vertrieb und Service Organisationen, die sich pro-aktiv mit der Digitalisierung auseinandersetzen, sind deutlich besser aufgestellt und begegnen den Herausforderungen der vernetzten Welt gelassener. Sie erfahren Sicherheit und vermitteln Vertrauen durch wirkungsvolle Ma\u00dfnahmen und<\/p>\n\t\t<\/div>\n\t\t\n\t\t<a class=\"elementor-post__read-more\" href=\"https:\/\/old.saytec.eu\/en\/fuer-eine-sichere-digitale-zukunft\/\" aria-label=\"Read more about Secure Data Compass wird Strategiepartner\" tabindex=\"-1\" >\n\t\t\tWeiterlesen \u00bb\t\t<\/a>\n\n\t\t\t\t<\/div>\n\t\t\t\t\t<\/div>\n\t\t<\/article>\n\t\t\t\t<article class=\"elementor-post elementor-grid-item post-21485 post type-post status-publish format-standard has-post-thumbnail hentry category-news category-sayfuse\">\n\t\t\t<div class=\"elementor-post__card\">\n\t\t\t\t<a class=\"elementor-post__thumbnail__link\" href=\"https:\/\/old.saytec.eu\/en\/it-security-made-in-germany\/\" tabindex=\"-1\" ><div class=\"elementor-post__thumbnail\"><img decoding=\"async\" width=\"768\" height=\"230\" src=\"https:\/\/old.saytec.eu\/wp-content\/uploads\/butterfly-1127666.jpg\" class=\"attachment-medium_large size-medium_large wp-image-21492\" alt=\"\" \/><\/div><\/a>\n\t\t\t\t<div class=\"elementor-post__text\">\n\t\t\t\t<h3 class=\"elementor-post__title\">\n\t\t\t<a href=\"https:\/\/old.saytec.eu\/en\/it-security-made-in-germany\/\" >\n\t\t\t\tMit Tempo in die digitale und klimaneutrale Zukunft\t\t\t<\/a>\n\t\t<\/h3>\n\t\t\t\t<div class=\"elementor-post__excerpt\">\n\t\t\t<p>sayTEC NEWS: Mit Tempo in die digitale und klimaneutrale Zukunft Geh\u00f6ren auch Sie zu den Wirtschaftsunternehmen, die bereits klimafreundliche Ziele formuliert haben? Eine alte Netzinfrastruktur, Server- und Systemlandschaften mit schlechter Auslastung oder ineffiziente K\u00fchlsysteme sind Stromfresser. F\u00f6rdermittel unterst\u00fctzen Sie beim Umstieg auf moderne und zukunftsfreundliche digitale Systeme. Eine schnellere Digitalisierung und die Einsparung von CO2<\/p>\n\t\t<\/div>\n\t\t\n\t\t<a class=\"elementor-post__read-more\" href=\"https:\/\/old.saytec.eu\/en\/it-security-made-in-germany\/\" aria-label=\"Read more about Mit Tempo in die digitale und klimaneutrale Zukunft\" tabindex=\"-1\" >\n\t\t\tWeiterlesen \u00bb\t\t<\/a>\n\n\t\t\t\t<\/div>\n\t\t\t\t\t<\/div>\n\t\t<\/article>\n\t\t\t\t<article class=\"elementor-post elementor-grid-item post-21392 post type-post status-publish format-standard has-post-thumbnail hentry category-erfolgsgeschichten category-news category-sayfuse\">\n\t\t\t<div class=\"elementor-post__card\">\n\t\t\t\t<a class=\"elementor-post__thumbnail__link\" href=\"https:\/\/old.saytec.eu\/en\/candy-valley-network-setzt-auf-saytec\/\" tabindex=\"-1\" ><div class=\"elementor-post__thumbnail\"><img loading=\"lazy\" decoding=\"async\" width=\"768\" height=\"541\" src=\"https:\/\/old.saytec.eu\/wp-content\/uploads\/sayFUSE_Banner_72dpi.jpg\" class=\"attachment-medium_large size-medium_large wp-image-21401\" alt=\"\" \/><\/div><\/a>\n\t\t\t\t<div class=\"elementor-post__text\">\n\t\t\t\t<h3 class=\"elementor-post__title\">\n\t\t\t<a href=\"https:\/\/old.saytec.eu\/en\/candy-valley-network-setzt-auf-saytec\/\" >\n\t\t\t\tCandy Valley Network\t\t\t<\/a>\n\t\t<\/h3>\n\t\t\t\t<div class=\"elementor-post__excerpt\">\n\t\t\t<p>Success Story\/Interview: Computerspiele Entwickler Candy Valley Network aus Berlin setzt auf sayFUSE VM Backup und sayTRUST VPSC Sie suchten eine neue IT-Infrastruktur f\u00fcr Ihre Server und Backups, welche Anforderungen hatten Sie in ein neues System? F\u00fcr unsere Entwicklungsserver und Entwickler Datenbanken suchten wir eine neue Server- und Backupinfrastruktur. Ganz wichtig waren Performance, Sicherheit und Wiederherstellbarkeit.\u00a0<\/p>\n\t\t<\/div>\n\t\t\n\t\t<a class=\"elementor-post__read-more\" href=\"https:\/\/old.saytec.eu\/en\/candy-valley-network-setzt-auf-saytec\/\" aria-label=\"Read more about Candy Valley Network\" tabindex=\"-1\" >\n\t\t\tWeiterlesen \u00bb\t\t<\/a>\n\n\t\t\t\t<\/div>\n\t\t\t\t\t<\/div>\n\t\t<\/article>\n\t\t\t\t<article class=\"elementor-post elementor-grid-item post-21354 post type-post status-publish format-standard has-post-thumbnail hentry category-erfolgsgeschichten category-news category-saytrust\">\n\t\t\t<div class=\"elementor-post__card\">\n\t\t\t\t<a class=\"elementor-post__thumbnail__link\" href=\"https:\/\/old.saytec.eu\/en\/baru-systems\/\" tabindex=\"-1\" ><div class=\"elementor-post__thumbnail\"><img loading=\"lazy\" decoding=\"async\" width=\"768\" height=\"186\" src=\"https:\/\/old.saytec.eu\/wp-content\/uploads\/Success_Story_HCI_baru_systems.jpg\" class=\"attachment-medium_large size-medium_large wp-image-21321\" alt=\"Bildcollage sayTEC Installationsteam im Rechenzentrum\" \/><\/div><\/a>\n\t\t\t\t<div class=\"elementor-post__text\">\n\t\t\t\t<h3 class=\"elementor-post__title\">\n\t\t\t<a href=\"https:\/\/old.saytec.eu\/en\/baru-systems\/\" >\n\t\t\t\tBaru Systems GmbH\t\t\t<\/a>\n\t\t<\/h3>\n\t\t\t\t<div class=\"elementor-post__excerpt\">\n\t\t\t<p>Success Story\/Interview: Interview mit Baru Systems GmbH \u00fcber ihre neue Hyperkonvergente Infrastruktur Made by sayTEC. Die Baru Systems GmbH bietet als Berliner Systemhaus und Internet Service Provider kleinen und mittelst\u00e4ndischen Unternehmen in der Metropolregion Berlin\/Potsdam Dienstleistungen und Systeme f\u00fcr IT-Infrastrukturen. Warum war das Thema Hyperkonvergente Infrastruktur f\u00fcr Ihr Unternehmen interessant? Als erstes wollen wir uns<\/p>\n\t\t<\/div>\n\t\t\n\t\t<a class=\"elementor-post__read-more\" href=\"https:\/\/old.saytec.eu\/en\/baru-systems\/\" aria-label=\"Read more about Baru Systems GmbH\" tabindex=\"-1\" >\n\t\t\tWeiterlesen \u00bb\t\t<\/a>\n\n\t\t\t\t<\/div>\n\t\t\t\t\t<\/div>\n\t\t<\/article>\n\t\t\t\t<article class=\"elementor-post elementor-grid-item post-19793 post type-post status-publish format-standard has-post-thumbnail hentry category-uncategorized\">\n\t\t\t<div class=\"elementor-post__card\">\n\t\t\t\t<a class=\"elementor-post__thumbnail__link\" href=\"https:\/\/old.saytec.eu\/en\/instantly-secure-home-office-solutions-for-all-your-employees-now-with-solidarity-discount\/\" tabindex=\"-1\" ><div class=\"elementor-post__thumbnail\"><img loading=\"lazy\" decoding=\"async\" width=\"600\" height=\"400\" src=\"https:\/\/old.saytec.eu\/wp-content\/uploads\/homeoffice.jpg\" class=\"attachment-medium_large size-medium_large wp-image-19719\" alt=\"Homeoffice Mann sitzt vor Computer Bildschirm\" srcset=\"https:\/\/old.saytec.eu\/wp-content\/uploads\/homeoffice.jpg 600w, https:\/\/old.saytec.eu\/wp-content\/uploads\/homeoffice-300x200.jpg 300w\" sizes=\"(max-width: 600px) 100vw, 600px\" \/><\/div><\/a>\n\t\t\t\t<div class=\"elementor-post__text\">\n\t\t\t\t<h3 class=\"elementor-post__title\">\n\t\t\t<a href=\"https:\/\/old.saytec.eu\/en\/instantly-secure-home-office-solutions-for-all-your-employees-now-with-solidarity-discount\/\" >\n\t\t\t\tInstantly secure home office solutions for all your employees! Now with solidarity discount\t\t\t<\/a>\n\t\t<\/h3>\n\t\t\t\t<div class=\"elementor-post__excerpt\">\n\t\t\t<p>30 % for private sector companies There is now a demand for quickly implementable digital solutions that simplify home office and remote meetings. Our in-house access technology sayTRUST VPSC is the perfect solution. With sayTRUST, your employees get highly secure network access without having to purchase new hardware. Even better: we usually complete the connection<\/p>\n\t\t<\/div>\n\t\t\n\t\t<a class=\"elementor-post__read-more\" href=\"https:\/\/old.saytec.eu\/en\/instantly-secure-home-office-solutions-for-all-your-employees-now-with-solidarity-discount\/\" aria-label=\"Read more about Instantly secure home office solutions for all your employees! Now with solidarity discount\" tabindex=\"-1\" >\n\t\t\tWeiterlesen \u00bb\t\t<\/a>\n\n\t\t\t\t<\/div>\n\t\t\t\t\t<\/div>\n\t\t<\/article>\n\t\t\t\t<\/div>\n\t\t\n\t\t\t\t<div class=\"e-load-more-anchor\" data-page=\"1\" data-max-page=\"8\" data-next-page=\"https:\/\/old.saytec.eu\/en\/wp-json\/wp\/v2\/pages\/18567\/page\/2\/\"><\/div>\n\t\t\t\t<nav class=\"elementor-pagination\" aria-label=\"Pagination\">\n\t\t\t<span aria-current=\"page\" class=\"page-numbers current\"><span class=\"elementor-screen-only\">Page<\/span>1<\/span>\n<a class=\"page-numbers\" href=\"https:\/\/old.saytec.eu\/en\/wp-json\/wp\/v2\/pages\/18567\/page\/2\/\"><span class=\"elementor-screen-only\">Page<\/span>2<\/a>\n<a class=\"page-numbers\" href=\"https:\/\/old.saytec.eu\/en\/wp-json\/wp\/v2\/pages\/18567\/page\/3\/\"><span class=\"elementor-screen-only\">Page<\/span>3<\/a>\n<a class=\"page-numbers\" href=\"https:\/\/old.saytec.eu\/en\/wp-json\/wp\/v2\/pages\/18567\/page\/4\/\"><span class=\"elementor-screen-only\">Page<\/span>4<\/a>\n<a class=\"page-numbers\" href=\"https:\/\/old.saytec.eu\/en\/wp-json\/wp\/v2\/pages\/18567\/page\/5\/\"><span class=\"elementor-screen-only\">Page<\/span>5<\/a>\t\t<\/nav>\n\t\t\t\t<\/div>\n\t\t\t\t<\/div>\n\t\t\t\t\t<\/div>\n\t\t<\/div>\n\t\t\t\t\t\t\t<\/div>\n\t\t<\/section>\n\t\t\t\t\t\t\t<\/div>\n\t\t","protected":false},"excerpt":{"rendered":"","protected":false},"author":17,"featured_media":0,"parent":0,"menu_order":0,"comment_status":"closed","ping_status":"closed","template":"","meta":{"footnotes":""},"aioseo_notices":[],"_links":{"self":[{"href":"https:\/\/old.saytec.eu\/en\/wp-json\/wp\/v2\/pages\/18567"}],"collection":[{"href":"https:\/\/old.saytec.eu\/en\/wp-json\/wp\/v2\/pages"}],"about":[{"href":"https:\/\/old.saytec.eu\/en\/wp-json\/wp\/v2\/types\/page"}],"author":[{"embeddable":true,"href":"https:\/\/old.saytec.eu\/en\/wp-json\/wp\/v2\/users\/17"}],"replies":[{"embeddable":true,"href":"https:\/\/old.saytec.eu\/en\/wp-json\/wp\/v2\/comments?post=18567"}],"version-history":[{"count":0,"href":"https:\/\/old.saytec.eu\/en\/wp-json\/wp\/v2\/pages\/18567\/revisions"}],"wp:attachment":[{"href":"https:\/\/old.saytec.eu\/en\/wp-json\/wp\/v2\/media?parent=18567"}],"curies":[{"name":"wp","href":"https:\/\/api.w.org\/{rel}","templated":true}]}}