{"id":18553,"date":"2019-08-17T12:09:53","date_gmt":"2019-08-17T10:09:53","guid":{"rendered":"https:\/\/www.saytec.eu\/?page_id=18553"},"modified":"2020-06-03T10:33:41","modified_gmt":"2020-06-03T08:33:41","slug":"service-and-support","status":"publish","type":"page","link":"https:\/\/old.saytec.eu\/en\/service-and-support\/","title":{"rendered":"Service and Support"},"content":{"rendered":"\t\t<div data-elementor-type=\"wp-post\" data-elementor-id=\"18553\" class=\"elementor elementor-18553 elementor-12131\" data-elementor-post-type=\"page\">\n\t\t\t\t\t\t\t\t\t<section class=\"elementor-section elementor-top-section elementor-element elementor-element-45dc87a elementor-section-boxed elementor-section-height-default elementor-section-height-default\" data-id=\"45dc87a\" data-element_type=\"section\">\n\t\t\t\t\t\t<div class=\"elementor-container elementor-column-gap-default\">\n\t\t\t\t\t<div class=\"elementor-column elementor-col-100 elementor-top-column elementor-element elementor-element-41c61cd\" data-id=\"41c61cd\" data-element_type=\"column\">\n\t\t\t<div class=\"elementor-widget-wrap elementor-element-populated\">\n\t\t\t\t\t\t\t\t<div class=\"elementor-element elementor-element-aa9f328 elementor-widget elementor-widget-image\" data-id=\"aa9f328\" data-element_type=\"widget\" data-widget_type=\"image.default\">\n\t\t\t\t<div class=\"elementor-widget-container\">\n\t\t\t\t\t\t\t\t\t\t\t\t\t\t\t<img fetchpriority=\"high\" decoding=\"async\" width=\"1200\" height=\"428\" src=\"https:\/\/old.saytec.eu\/wp-content\/uploads\/achievement-3385068_1920.jpg\" class=\"attachment-full size-full wp-image-20344\" alt=\"B\u00fcro H\u00e4nde gr\u00fc\u00dfen sich dar\u00fcber Netzwerk Abbildung\" srcset=\"https:\/\/old.saytec.eu\/wp-content\/uploads\/achievement-3385068_1920.jpg 1200w, https:\/\/old.saytec.eu\/wp-content\/uploads\/achievement-3385068_1920-300x107.jpg 300w, https:\/\/old.saytec.eu\/wp-content\/uploads\/achievement-3385068_1920-1024x365.jpg 1024w, https:\/\/old.saytec.eu\/wp-content\/uploads\/achievement-3385068_1920-768x274.jpg 768w\" sizes=\"(max-width: 1200px) 100vw, 1200px\" \/>\t\t\t\t\t\t\t\t\t\t\t\t\t\t\t<\/div>\n\t\t\t\t<\/div>\n\t\t\t\t\t<\/div>\n\t\t<\/div>\n\t\t\t\t\t\t\t<\/div>\n\t\t<\/section>\n\t\t\t\t<section class=\"elementor-section elementor-top-section elementor-element elementor-element-824f038 elementor-section-boxed elementor-section-height-default elementor-section-height-default\" data-id=\"824f038\" data-element_type=\"section\">\n\t\t\t\t\t\t<div class=\"elementor-container elementor-column-gap-default\">\n\t\t\t\t\t<div class=\"elementor-column elementor-col-100 elementor-top-column elementor-element elementor-element-423141ee\" data-id=\"423141ee\" data-element_type=\"column\">\n\t\t\t<div class=\"elementor-widget-wrap elementor-element-populated\">\n\t\t\t\t\t\t\t\t<div class=\"elementor-element elementor-element-551be939 elementor-widget elementor-widget-text-editor\" data-id=\"551be939\" data-element_type=\"widget\" data-widget_type=\"text-editor.default\">\n\t\t\t\t<div class=\"elementor-widget-container\">\n\t\t\t\t\t\t\t<p>Are you in need of support or is there an upcoming update?<\/p>\n<p>Our support team is available via phone, e-mail or remote support.<br \/>\nShould you need a permanent contact person or any consultancy in connection with your entire IT infrastructure, we would like to provide you with any kind of assistance.<\/p>\n\t\t\t\t\t\t<\/div>\n\t\t\t\t<\/div>\n\t\t\t\t<div class=\"elementor-element elementor-element-55c60ee elementor-widget elementor-widget-text-editor\" data-id=\"55c60ee\" data-element_type=\"widget\" data-widget_type=\"text-editor.default\">\n\t\t\t\t<div class=\"elementor-widget-container\">\n\t\t\t\t\t\t\t<h2><strong>sayTEC-Support<\/strong><\/h2>\n<p>You can reach our support team by phone and e-mail from Monday to Friday between 8am and 5pm.<\/p>\n<p><a href=\"tel:+4989578361400\">Phone: +49 89 578 361 400<\/a><br \/>\nE-Mail <a href=\"mailto:support@saytec.eu\">support [\u00bb@\u00ab] saytec.eu<\/a><\/p>\n\t\t\t\t\t\t<\/div>\n\t\t\t\t<\/div>\n\t\t\t\t<div class=\"elementor-element elementor-element-bfff87e elementor-widget elementor-widget-text-editor\" data-id=\"bfff87e\" data-element_type=\"widget\" data-widget_type=\"text-editor.default\">\n\t\t\t\t<div class=\"elementor-widget-container\">\n\t\t\t\t\t\t\t<div>\n<div>\n<div>\n<h2 style=\"font-family: 'Titillium Web', sans-serif; font-style: normal;\"><span style=\"font-weight: bold;\">Ticket-System<\/span><\/h2>\n<\/div>\n<\/div>\n<div>\n<p>With the ticketing system you can make a request at any time and follow the processing stage.<\/p>\n<\/div>\n<\/div>\n\t\t\t\t\t\t<\/div>\n\t\t\t\t<\/div>\n\t\t\t\t<div class=\"elementor-element elementor-element-7bb8423 elementor-widget elementor-widget-text-editor\" data-id=\"7bb8423\" data-element_type=\"widget\" data-widget_type=\"text-editor.default\">\n\t\t\t\t<div class=\"elementor-widget-container\">\n\t\t\t\t\t\t\t<div><div><h2><span style=\"font-weight: bold; font-family: 'Titillium Web', sans-serif;\">Online-Support<\/span><\/h2><div><div><p>After consultation, our support team for remote maintenance is also available online.<br \/>For online support, the remote maintenance tool TeamViewer is used.\u00a0To start the remote support, please click on the link below and double-click on the file download.<br \/>Once the connection has been successfully established, our sayTEC support team will provide you with your personal consultation number, which must be entered in the customer program.\u00a0The further steps will then be told to you on the phone by our sayTEC support team.<\/p><h6 data-fontsize=\"12\" data-lineheight=\"17\">For Windows 7, 8 and 10<\/h6><p><strong><a href=\"https:\/\/download.teamviewer.com\/download\/TeamViewerQS.exe\" target=\"_blank\" rel=\"noopener\"><span style=\"text-decoration: underline; color: #ff6600;\">Download Remote Support Tool for Windows<\/span><\/a><\/strong><\/p><h6 data-fontsize=\"12\" data-lineheight=\"17\">For Mac OS X ab 10.8<\/h6><p><span style=\"text-decoration: underline; color: #ff6600;\"><strong><a style=\"color: #ff6600; text-decoration: underline;\" href=\"https:\/\/download.teamviewer.com\/download\/TeamViewerQS.dmg\" target=\"_blank\" rel=\"noopener\">Download Remote Support Tool for MacOS<\/a><\/strong><\/span><\/p><\/div><\/div><\/div><\/div>\t\t\t\t\t\t<\/div>\n\t\t\t\t<\/div>\n\t\t\t\t<div class=\"elementor-element elementor-element-a9a0938 elementor-widget elementor-widget-text-editor\" data-id=\"a9a0938\" data-element_type=\"widget\" data-widget_type=\"text-editor.default\">\n\t\t\t\t<div class=\"elementor-widget-container\">\n\t\t\t\t\t\t\t<h2><span style=\"font-weight: bold; font-family: 'Titillium Web', sans-serif;\"> Telephone support <\/span><\/h2>\n\nYou can reach us on phone from Mon. &#8211; Fri. 9:00 -18: 00\u00a0\n<a href=\"tel:+4989578361400\">Phone: +49 89 578 361 400<\/a>\t\t\t\t\t\t<\/div>\n\t\t\t\t<\/div>\n\t\t\t\t<div class=\"elementor-element elementor-element-e1d7e02 elementor-widget elementor-widget-text-editor\" data-id=\"e1d7e02\" data-element_type=\"widget\" data-widget_type=\"text-editor.default\">\n\t\t\t\t<div class=\"elementor-widget-container\">\n\t\t\t\t\t\t\t<h2><span style=\"font-weight: bold; font-family: 'Titillium Web', sans-serif;\">On-site service\n<\/span><\/h2>\n\nNaturally, we would like to give you any advice you wish personally on site\t\t\t\t\t\t<\/div>\n\t\t\t\t<\/div>\n\t\t\t\t\t<\/div>\n\t\t<\/div>\n\t\t\t\t\t\t\t<\/div>\n\t\t<\/section>\n\t\t\t\t\t\t\t<\/div>\n\t\t","protected":false},"excerpt":{"rendered":"<p>Are you in need of support or is there an upcoming update? Our support team is available via phone, e-mail or remote support. Should you need a permanent contact person or any consultancy in connection with your entire IT infrastructure, we would like to provide you with any kind of assistance. sayTEC-Support You can reach &#8230; <a title=\"Service and Support\" class=\"read-more\" href=\"https:\/\/old.saytec.eu\/en\/service-and-support\/\" aria-label=\"More on Service and Support\">Read more<\/a><\/p>\n","protected":false},"author":17,"featured_media":0,"parent":0,"menu_order":0,"comment_status":"closed","ping_status":"closed","template":"","meta":{"footnotes":""},"aioseo_notices":[],"_links":{"self":[{"href":"https:\/\/old.saytec.eu\/en\/wp-json\/wp\/v2\/pages\/18553"}],"collection":[{"href":"https:\/\/old.saytec.eu\/en\/wp-json\/wp\/v2\/pages"}],"about":[{"href":"https:\/\/old.saytec.eu\/en\/wp-json\/wp\/v2\/types\/page"}],"author":[{"embeddable":true,"href":"https:\/\/old.saytec.eu\/en\/wp-json\/wp\/v2\/users\/17"}],"replies":[{"embeddable":true,"href":"https:\/\/old.saytec.eu\/en\/wp-json\/wp\/v2\/comments?post=18553"}],"version-history":[{"count":0,"href":"https:\/\/old.saytec.eu\/en\/wp-json\/wp\/v2\/pages\/18553\/revisions"}],"wp:attachment":[{"href":"https:\/\/old.saytec.eu\/en\/wp-json\/wp\/v2\/media?parent=18553"}],"curies":[{"name":"wp","href":"https:\/\/api.w.org\/{rel}","templated":true}]}}